{"id":2307,"date":"2025-06-27T21:59:00","date_gmt":"2025-06-27T21:59:00","guid":{"rendered":"https:\/\/toroid-do.com\/?post_type=product&#038;p=2307"},"modified":"2025-10-23T14:47:30","modified_gmt":"2025-10-23T14:47:30","slug":"intorus-adulto-herrramienta-toroide","status":"publish","type":"product","link":"https:\/\/toroid-do.com\/en\/producto\/intorus-adulto-herrramienta-toroide\/","title":{"rendered":"Intorus Adulto Herrramienta toroide"},"content":{"rendered":"<p><strong>Intorus no es solo una herramienta: es la puerta de entrada a una pr\u00e1ctica transformadora.<\/strong><\/p>\n<p>Dise\u00f1ado para materializar el movimiento del toroide \u2014una espiral que nace del centro y vuelve a \u00e9l\u2014, Intorus te invita a explorar un patr\u00f3n universal a trav\u00e9s del cuerpo. Su forma fluida despierta el movimiento consciente, desbloquea tensiones, armoniza tu energ\u00eda y mejora la coordinaci\u00f3n.<\/p>\n<p>Es ideal para quienes buscan bienestar f\u00edsico, emocional y mental desde el movimiento libre y creativo. Tambi\u00e9n est\u00e1 especialmente indicado en contextos de <strong>rehabilitaci\u00f3n psicomotriz<\/strong>, donde convierte la terapia en un juego. Estimula aspectos como la conciencia corporal, la atenci\u00f3n o la lateralidad, de una forma l\u00fadica, accesible y sin generar frustraci\u00f3n.<\/p>\n<h3><strong>Incluye acceso a la introducci\u00f3n del curso online del M\u00e9todo Toroiddo\u00ae<\/strong><\/h3>\n<p>Con tu compra, recibir\u00e1s por correo un enlace de acceso a los <strong>4 primeros v\u00eddeos del curso \u201cToroiddo Nivel I: Inmersi\u00f3n\u201d.<\/strong> Tambi\u00e9n podr\u00e1s acceder a trav\u00e9s del c\u00f3digo QR que encontrar\u00e1s dentro del paquete.<\/p>\n<p>Esta <strong>introducci\u00f3n guiada<\/strong> te permitir\u00e1 <strong>comprender los fundamentos del m\u00e9todo<\/strong>, iniciarte en la t\u00e9cnica del Movimiento Toroiddo y empezar a practicar con Intorus desde el primer momento.<\/p>\n<p><strong>Con Intorus y estos primeros pasos del m\u00e9todo, ya est\u00e1s iniciando un camino poderoso hacia el bienestar y la conexi\u00f3n contigo.<\/strong><\/p>\n<p><!-- notionvc: 66caefa2-72bd-486e-b47a-b17d1350f9dd --><\/p>\n","protected":false},"excerpt":{"rendered":"<p>INTORUS es forma, movimiento y sensaci\u00f3n. \u00a0Se trata de un producto \u00fanico que te da la oportunidad de conectar con tu cuerpo y su movimiento de una forma nueva. Un movimiento basado en la espiral que es arm\u00f3nico y ordenado, al tiempo que muy creativo, ya que te lleva a una manera completamente nueva de moverte.<\/p>\n","protected":false},"featured_media":481,"template":"","meta":[],"product_brand":[],"product_cat":[44,34],"product_tag":[],"class_list":{"0":"post-2307","1":"product","2":"type-product","3":"status-publish","4":"has-post-thumbnail","6":"product_cat-intorus","7":"product_cat-toriddo","9":"first","10":"instock","11":"taxable","12":"shipping-taxable","13":"purchasable","14":"product-type-variable"},"_links":{"self":[{"href":"https:\/\/toroid-do.com\/en\/wp-json\/wp\/v2\/product\/2307","targetHints":{"allow":["GET"]}}],"collection":[{"href":"https:\/\/toroid-do.com\/en\/wp-json\/wp\/v2\/product"}],"about":[{"href":"https:\/\/toroid-do.com\/en\/wp-json\/wp\/v2\/types\/product"}],"version-history":[{"count":2,"href":"https:\/\/toroid-do.com\/en\/wp-json\/wp\/v2\/product\/2307\/revisions"}],"predecessor-version":[{"id":2366,"href":"https:\/\/toroid-do.com\/en\/wp-json\/wp\/v2\/product\/2307\/revisions\/2366"}],"wp:featuredmedia":[{"embeddable":true,"href":"https:\/\/toroid-do.com\/en\/wp-json\/wp\/v2\/media\/481"}],"wp:attachment":[{"href":"https:\/\/toroid-do.com\/en\/wp-json\/wp\/v2\/media?parent=2307"}],"wp:term":[{"taxonomy":"product_brand","embeddable":true,"href":"https:\/\/toroid-do.com\/en\/wp-json\/wp\/v2\/product_brand?post=2307"},{"taxonomy":"product_cat","embeddable":true,"href":"https:\/\/toroid-do.com\/en\/wp-json\/wp\/v2\/product_cat?post=2307"},{"taxonomy":"product_tag","embeddable":true,"href":"https:\/\/toroid-do.com\/en\/wp-json\/wp\/v2\/product_tag?post=2307"}],"curies":[{"name":"wp","href":"https:\/\/api.w.org\/{rel}","templated":true}]}}