{"id":283,"date":"2024-10-02T13:39:17","date_gmt":"2024-10-02T13:39:17","guid":{"rendered":"https:\/\/toroid-do.com\/avis-juridique\/"},"modified":"2024-10-02T14:09:08","modified_gmt":"2024-10-02T14:09:08","slug":"avis-juridique","status":"publish","type":"page","link":"https:\/\/toroid-do.com\/fr\/avis-juridique\/","title":{"rendered":"Avis juridique"},"content":{"rendered":"\n<p><strong>AVIS JURIDIQUE ET CONDITIONS D&rsquo;UTILISATION<\/strong><\/p>\n\n<p>Document r\u00e9vis\u00e9 le 17\/05\/2018<\/p>\n\n<p><a href=\"http:\/\/in-torus.com\/\">www.in-torus.com<\/a>, conform\u00e9ment \u00e0 la loi 34\/2002, du 11 juillet, sur les services de la soci\u00e9t\u00e9 de l&rsquo;information et le commerce \u00e9lectronique, fournit des informations g\u00e9n\u00e9rales sur le site Web :<\/p>\n\n<ul class=\"wp-block-list\">\n<li>Nom de l&rsquo;entreprise : Renata Guti\u00e9rrez R\u00e9us<\/li>\n\n\n\n<li>NIF\/CIF : 74725568V<\/li>\n\n\n\n<li>Si\u00e8ge social : Pol.\nInd.\nLa Pul\u00eda Nave 13, 10470 Villanueva de la Vera, C\u00e1ceres.  <\/li>\n\n\n\n<li>Activit\u00e9 sociale : marketing et colportage.<\/li>\n<\/ul>\n\n<p><strong>Objet de l&rsquo;avis juridique<\/strong><\/p>\n\n<p>Les mentions l\u00e9gales r\u00e9gissent les conditions d&rsquo;acc\u00e8s et d&rsquo;utilisation du site web, de ses contenus et des services, payants ou gratuits, mis \u00e0 la disposition des utilisateurs.<\/p>\n\n<p>Renata Guti\u00e9rrez R\u00e9us se r\u00e9serve le droit d&rsquo;apporter les modifications qu&rsquo;elle juge opportunes \u00e0 son site web sans pr\u00e9avis, et peut changer, supprimer ou ajouter aussi bien les contenus et les services fournis \u00e0 travers le site web que la mani\u00e8re dont ils sont pr\u00e9sent\u00e9s ou localis\u00e9s sur son site web.<\/p>\n\n<p>Toute personne qui acc\u00e8de \u00e0 ce site Web assume le r\u00f4le d&rsquo;utilisateur et s&rsquo;engage \u00e0 observer et \u00e0 respecter strictement les dispositions \u00e9nonc\u00e9es dans le pr\u00e9sent document, ainsi que toute autre disposition l\u00e9gale applicable.<\/p>\n\n<p>Le simple fait d&rsquo;acc\u00e9der \u00e0 ce site Web n&rsquo;implique aucun type de relation commerciale entre Renata Guti\u00e9rrez R\u00e9us et l&rsquo;utilisateur.<\/p>\n\n<p><strong>Responsabilit\u00e9<\/strong><\/p>\n\n<p>Le prestataire ne garantit pas la continuit\u00e9, la disponibilit\u00e9 et l&rsquo;utilit\u00e9 du site web, du contenu ou des services.\nLe fournisseur fera tout son possible pour assurer le bon fonctionnement du site web, mais il ne d\u00e9clare ni ne garantit que l&rsquo;acc\u00e8s au site web sera ininterrompu ou exempt d&rsquo;erreurs. <\/p>\n\n<p>De m\u00eame, le fournisseur ne d\u00e9clare ni ne garantit que le contenu ou les logiciels auxquels il est possible d&rsquo;acc\u00e9der par l&rsquo;interm\u00e9diaire de ce site web sont exempts d&rsquo;erreurs ou ne causeront pas de dommages au syst\u00e8me informatique (logiciel et mat\u00e9riel) de l&rsquo;utilisateur.\nEn aucun cas le prestataire ne sera responsable des pertes, dommages ou pr\u00e9judices de toute nature r\u00e9sultant de l&rsquo;acc\u00e8s, de la navigation et de l&rsquo;utilisation du site web, y compris, mais sans s&rsquo;y limiter, les pertes, dommages ou pr\u00e9judices caus\u00e9s aux syst\u00e8mes informatiques ou caus\u00e9s par l&rsquo;introduction de virus. <\/p>\n\n<p>Le prestataire n&rsquo;est pas non plus responsable des dommages qui pourraient \u00eatre caus\u00e9s aux utilisateurs par une mauvaise utilisation de ce site web.\nEn particulier, le prestataire n&rsquo;est en aucun cas responsable des pannes, interruptions, d\u00e9faillances ou d\u00e9fauts de t\u00e9l\u00e9communication qui pourraient survenir. <\/p>\n\n<p>Le site Web est principalement destin\u00e9 aux utilisateurs r\u00e9sidant en Espagne.\nLe fournisseur ne pr\u00e9tend pas que le site Web est conforme aux lois d&rsquo;autres pays, que ce soit en totalit\u00e9 ou en partie.\nSi l&rsquo;utilisateur r\u00e9side ou est domicili\u00e9 ailleurs et d\u00e9cide d&rsquo;acc\u00e9der et\/ou de naviguer sur le site Web, il le fait \u00e0 ses propres risques et doit s&rsquo;assurer que cet acc\u00e8s et cette navigation sont conformes \u00e0 la l\u00e9gislation locale qui lui est applicable, et le fournisseur n&rsquo;assumera aucune responsabilit\u00e9 de quelque nature que ce soit d\u00e9coulant d&rsquo;un tel acc\u00e8s.  <\/p>\n\n<p><strong>Protection des donn\u00e9es<\/strong><\/p>\n\n<p>Conform\u00e9ment aux dispositions de la loi organique 15\/1999 relative \u00e0 la protection des donn\u00e9es \u00e0 caract\u00e8re personnel (LOPD) et au d\u00e9cret royal 1720\/2007 du 21 d\u00e9cembre portant approbation du r\u00e8glement d&rsquo;application de la loi organique 15\/1999 du 13 d\u00e9cembre relative \u00e0 la protection des donn\u00e9es \u00e0 caract\u00e8re personnel (RDLOPD), le fournisseur s&rsquo;engage \u00e0 adopter les mesures techniques et organisationnelles n\u00e9cessaires, en fonction du niveau de s\u00e9curit\u00e9 des donn\u00e9es collect\u00e9es, afin de garantir la s\u00e9curit\u00e9 des donn\u00e9es \u00e0 caract\u00e8re personnel et d&rsquo;\u00e9viter leur modification, leur alt\u00e9ration, leur perte ou leur acc\u00e8s non autoris\u00e9, le prestataire s&rsquo;engage \u00e0 adopter les mesures techniques et organisationnelles n\u00e9cessaires, en fonction du niveau de s\u00e9curit\u00e9 des donn\u00e9es collect\u00e9es, afin de garantir la s\u00e9curit\u00e9 des donn\u00e9es \u00e0 caract\u00e8re personnel et d&rsquo;\u00e9viter leur alt\u00e9ration, leur perte, leur traitement ou leur acc\u00e8s non autoris\u00e9.<\/p>\n\n<p>Conform\u00e9ment aux dispositions de l&rsquo;article 5 de la LOPD, l&rsquo;Utilisateur est inform\u00e9 que les donn\u00e9es personnelles collect\u00e9es par le Prestataire, \u00e0 travers les formulaires fournis sur ses pages, seront int\u00e9gr\u00e9es dans un fichier automatis\u00e9 sous la responsabilit\u00e9 de Renata Guti\u00e9rrez R\u00e9us, et d\u00fbment d\u00e9clar\u00e9es et inscrites au Registre G\u00e9n\u00e9ral de l&rsquo;Agence de Protection des Donn\u00e9es, afin de faciliter, d&rsquo;acc\u00e9l\u00e9rer et de remplir les engagements \u00e9tablis entre les deux parties ou le maintien de la relation \u00e9tablie dans les formulaires souscrits ou pour r\u00e9pondre \u00e0 une demande ou \u00e0 une consultation.<\/p>\n\n<p>Tant que l&rsquo;utilisateur n&rsquo;informe pas le fournisseur du contraire, il sera consid\u00e9r\u00e9 que ses donn\u00e9es n&rsquo;ont pas \u00e9t\u00e9 modifi\u00e9es, que l&rsquo;utilisateur s&rsquo;engage \u00e0 notifier toute modification et qu&rsquo;il consent \u00e0 les utiliser aux fins sp\u00e9cifiques, explicites et l\u00e9gitimes pour lesquelles elles ont \u00e9t\u00e9 obtenues.\nElles pourront \u00e9galement \u00eatre utilis\u00e9es \u00e0 des fins commerciales, de personnalisation, op\u00e9rationnelles et statistiques, ainsi que pour des activit\u00e9s li\u00e9es \u00e0 son objet social, autorisant express\u00e9ment Renata Guti\u00e9rrez R\u00e9us \u00e0 extraire, stocker des donn\u00e9es et r\u00e9aliser des \u00e9tudes de marketing afin d&rsquo;adapter le contenu propos\u00e9 \u00e0 l&rsquo;utilisateur et d&rsquo;am\u00e9liorer ainsi la qualit\u00e9, le fonctionnement et la navigation sur le site Web. <\/p>\n\n<p>De m\u00eame, l&rsquo;utilisateur a acc\u00e8s \u00e0 tout moment \u00e0 la modification, l&rsquo;\u00e9dition ou la suppression des informations fournies, ainsi qu&rsquo;\u00e0 la gestion de son annulation, directement ou par le biais d&rsquo;une demande adress\u00e9e au contact indiqu\u00e9 dans la section adresse de contact ou par \u00e9crit \u00e0 Renata Guti\u00e9rrez R\u00e9us (Pol. Ind. La Pul\u00eda Nave 13, 10470 Villanueva de la Vera, C\u00e1ceres.) accompagn\u00e9e d&rsquo;une copie de sa carte d&rsquo;identit\u00e9 ou d&rsquo;un document d&rsquo;accr\u00e9ditation \u00e9quivalent.<\/p>\n\n<p><strong>Propri\u00e9t\u00e9 intellectuelle<\/strong><\/p>\n\n<p>Le site Web, y compris, mais sans s&rsquo;y limiter, sa programmation, son \u00e9dition, sa compilation et les autres \u00e9l\u00e9ments n\u00e9cessaires \u00e0 son fonctionnement, les dessins, les logos, les textes et\/ou les graphiques sont la propri\u00e9t\u00e9 du fournisseur ou, le cas \u00e9ch\u00e9ant, font l&rsquo;objet d&rsquo;une licence ou d&rsquo;une autorisation expresse de la part des auteurs.\nTous les contenus du site Web sont d\u00fbment prot\u00e9g\u00e9s par la r\u00e9glementation en mati\u00e8re de propri\u00e9t\u00e9 intellectuelle et industrielle, et sont inscrits dans les registres publics correspondants. <\/p>\n\n<p>Quelle que soit la finalit\u00e9 poursuivie, la reproduction totale ou partielle, l&rsquo;utilisation, l&rsquo;exploitation, la distribution et la commercialisation, requi\u00e8rent dans tous les cas l&rsquo;autorisation \u00e9crite pr\u00e9alable du fournisseur.\nToute utilisation non pr\u00e9alablement autoris\u00e9e par le prestataire sera consid\u00e9r\u00e9e comme une violation grave des droits de propri\u00e9t\u00e9 intellectuelle ou industrielle de l&rsquo;auteur. <\/p>\n\n<p>Les dessins, logos, textes et\/ou graphiques qui n&rsquo;appartiennent pas au prestataire et qui peuvent appara\u00eetre sur le site web appartiennent \u00e0 leurs propri\u00e9taires respectifs, qui sont eux-m\u00eames responsables de toute controverse \u00e9ventuelle \u00e0 ce sujet.\nDans tous les cas, le prestataire dispose de l&rsquo;autorisation expresse et pr\u00e9alable de ces derniers. <\/p>\n\n<p>Le fournisseur autorise express\u00e9ment les tiers \u00e0 rediriger directement vers les contenus sp\u00e9cifiques du site web, et doit en tout \u00e9tat de cause rediriger vers le site web principal du fournisseur.<\/p>\n\n<p>Le fournisseur reconna\u00eet les droits de propri\u00e9t\u00e9 industrielle ou intellectuelle correspondants en faveur de leurs propri\u00e9taires, et leur simple mention ou apparition sur le site web n&rsquo;implique pas l&rsquo;existence de droits ou de responsabilit\u00e9s quelconques de la part du fournisseur \u00e0 leur \u00e9gard, ni d&rsquo;une approbation, d&rsquo;un parrainage ou d&rsquo;une recommandation de la part de ce dernier.<\/p>\n\n<p>Pour faire des commentaires sur d&rsquo;\u00e9ventuelles violations des droits de propri\u00e9t\u00e9 intellectuelle ou industrielle, ainsi que sur tout contenu du site web, vous pouvez envoyer un courrier \u00e9lectronique \u00e0 l&rsquo;adresse suivante :<\/p>\n\n<p><strong>Droit applicable et juridiction<\/strong><\/p>\n\n<p>Pour la r\u00e9solution de tous les litiges ou questions li\u00e9s \u00e0 ce site web ou aux activit\u00e9s qui y sont r\u00e9alis\u00e9es, la l\u00e9gislation espagnole s&rsquo;applique, \u00e0 laquelle les parties se soumettent express\u00e9ment, et les Cours et Tribunaux de Navalmoral sont comp\u00e9tents pour la r\u00e9solution de tous les litiges d\u00e9coulant de son utilisation ou li\u00e9s \u00e0 celle-ci.<\/p>\n","protected":false},"excerpt":{"rendered":"<p>AVIS JURIDIQUE ET CONDITIONS D&rsquo;UTILISATION Document r\u00e9vis\u00e9 le 17\/05\/2018 www.in-torus.com, conform\u00e9ment \u00e0 la loi 34\/2002, du 11 juillet, sur les services de la soci\u00e9t\u00e9 de l&rsquo;information et le commerce \u00e9lectronique, fournit des informations g\u00e9n\u00e9rales sur le site Web : Objet de l&rsquo;avis juridique Les mentions l\u00e9gales r\u00e9gissent les conditions d&rsquo;acc\u00e8s et d&rsquo;utilisation du site web, [&hellip;]<\/p>\n","protected":false},"author":2,"featured_media":0,"parent":0,"menu_order":0,"comment_status":"closed","ping_status":"closed","template":"","meta":{"footnotes":""},"class_list":["post-283","page","type-page","status-publish","hentry"],"_links":{"self":[{"href":"https:\/\/toroid-do.com\/fr\/wp-json\/wp\/v2\/pages\/283","targetHints":{"allow":["GET"]}}],"collection":[{"href":"https:\/\/toroid-do.com\/fr\/wp-json\/wp\/v2\/pages"}],"about":[{"href":"https:\/\/toroid-do.com\/fr\/wp-json\/wp\/v2\/types\/page"}],"author":[{"embeddable":true,"href":"https:\/\/toroid-do.com\/fr\/wp-json\/wp\/v2\/users\/2"}],"replies":[{"embeddable":true,"href":"https:\/\/toroid-do.com\/fr\/wp-json\/wp\/v2\/comments?post=283"}],"version-history":[{"count":1,"href":"https:\/\/toroid-do.com\/fr\/wp-json\/wp\/v2\/pages\/283\/revisions"}],"predecessor-version":[{"id":284,"href":"https:\/\/toroid-do.com\/fr\/wp-json\/wp\/v2\/pages\/283\/revisions\/284"}],"wp:attachment":[{"href":"https:\/\/toroid-do.com\/fr\/wp-json\/wp\/v2\/media?parent=283"}],"curies":[{"name":"wp","href":"https:\/\/api.w.org\/{rel}","templated":true}]}}