{"id":496,"date":"2024-10-03T22:40:32","date_gmt":"2024-10-03T22:40:32","guid":{"rendered":"https:\/\/toroid-do.com\/producto\/intorus-adulte\/"},"modified":"2024-10-03T23:34:05","modified_gmt":"2024-10-03T23:34:05","slug":"intorus-adulte","status":"publish","type":"product","link":"https:\/\/toroid-do.com\/fr\/producto\/intorus-adulte\/","title":{"rendered":"Intorus Adulte"},"content":{"rendered":"<p>Elle est intimement li\u00e9e au jeu, \u00e0 l\u2019\u00e9motion et \u00e0 la concentration, et permet de travailler simultan\u00e9ment sur les aspects physiques, psychiques, \u00e9motionnels et \u00e9nerg\u00e9tiques.<br \/>\nIntorus est accompagn\u00e9 d\u2019un tutoriel vid\u00e9o de 40 minutes avec des applications pratiques, des id\u00e9es et des explications pour en tirer le meilleur parti.   <strong>Ils sont fabriqu\u00e9s en Espagne et b\u00e9n\u00e9ficient d\u2019une garantie de retour d\u2019une semaine, si vous n\u2019\u00eates pas satisfait, et d\u2019une garantie \u00e0 vie concernant le soudage.<\/strong>  Pour le reste, ils sont r\u00e9sistants dans le sens o\u00f9 ils peuvent \u00eatre lanc\u00e9s, laiss\u00e9s tomber ou secou\u00e9s sans se d\u00e9former.<br \/>\nCependant, s\u2019ils sont forc\u00e9s plus que n\u00e9cessaire, par exemple lors de l\u2019\u00e9crasement, il se d\u00e9formera et ne roulera plus comme avant.<br \/>\nChaque Intorus comprend :    <\/p>\n<ul>\n<li>Deux tores, chacun avec un sens de rotation.<\/li>\n<li>Corde en silicone \u00e0 travers laquelle il roule et \u00e9largit les possibilit\u00e9s.<\/li>\n<li>Tutoriel vid\u00e9o de 40 minutes avec des id\u00e9es et des informations.<\/li>\n<li>Sac en coton pour le stockage.<\/li>\n<li>Porte-cl\u00e9s en acier inoxydable pour l\u2019accrochage ou le transport.<\/li>\n<\/ul>\n<p>&nbsp;  Vous allez aimer Intorus&#8230;  <\/p>\n<ul>\n<li>Si vous aimez \u00eatre en contact avec votre corps et son mouvement.<br \/>\nSi vous trouvez une forme de m\u00e9ditation ici et que vous souhaitez approfondir vos recherches. <\/li>\n<li>Si vous \u00eates \u00e0 la recherche d\u2019un outil qui vous d\u00e9tend rapidement et vous redonne la sensation de vous concentrer.<\/li>\n<li>Si vous ou un de vos proches avez besoin d\u2019une r\u00e9\u00e9ducation psychomotrice, et que vous souhaitez un outil qui vous permet de pratiquer \u00e0 la maison de mani\u00e8re facile et agr\u00e9able.<\/li>\n<li>Si vous \u00eates th\u00e9rapeute et que vous avez d\u00e9j\u00e0 trouv\u00e9 des situations o\u00f9 cela pourrait vous \u00eatre utile.<\/li>\n<li>Si vous \u00eates \u00e0 la recherche d\u2019un cadeau pour un enfant et que vous voulez quelque chose d\u2019original, qu\u2019il aime et qui favorise le d\u00e9veloppement de son corps et de son esprit.<br \/>\nS\u2019il s\u2019agit d\u2019un enfant particuli\u00e8rement agit\u00e9, alors vous \u00eates encore plus int\u00e9ress\u00e9. <\/li>\n<\/ul>\n","protected":false},"excerpt":{"rendered":"<p>INTORUS, c\u2019est la forme, le mouvement et la sensation.<br \/>\nC\u2019est un produit unique qui vous donne la possibilit\u00e9 de vous connecter avec votre corps et son mouvement d\u2019une nouvelle mani\u00e8re.<br \/>\nUn mouvement en spirale qui est harmonieux et ordonn\u00e9, tout en \u00e9tant tr\u00e8s cr\u00e9atif, car il vous emm\u00e8ne vers une toute nouvelle fa\u00e7on de bouger.  <\/p>\n","protected":false},"featured_media":486,"template":"","meta":[],"product_brand":[],"product_cat":[46],"product_tag":[],"class_list":{"0":"post-496","1":"product","2":"type-product","3":"status-publish","4":"has-post-thumbnail","6":"product_cat-intorus-fr","8":"first","9":"instock","10":"taxable","11":"shipping-taxable","12":"purchasable","13":"product-type-variable"},"_links":{"self":[{"href":"https:\/\/toroid-do.com\/fr\/wp-json\/wp\/v2\/product\/496","targetHints":{"allow":["GET"]}}],"collection":[{"href":"https:\/\/toroid-do.com\/fr\/wp-json\/wp\/v2\/product"}],"about":[{"href":"https:\/\/toroid-do.com\/fr\/wp-json\/wp\/v2\/types\/product"}],"version-history":[{"count":0,"href":"https:\/\/toroid-do.com\/fr\/wp-json\/wp\/v2\/product\/496\/revisions"}],"wp:featuredmedia":[{"embeddable":true,"href":"https:\/\/toroid-do.com\/fr\/wp-json\/wp\/v2\/media\/486"}],"wp:attachment":[{"href":"https:\/\/toroid-do.com\/fr\/wp-json\/wp\/v2\/media?parent=496"}],"wp:term":[{"taxonomy":"product_brand","embeddable":true,"href":"https:\/\/toroid-do.com\/fr\/wp-json\/wp\/v2\/product_brand?post=496"},{"taxonomy":"product_cat","embeddable":true,"href":"https:\/\/toroid-do.com\/fr\/wp-json\/wp\/v2\/product_cat?post=496"},{"taxonomy":"product_tag","embeddable":true,"href":"https:\/\/toroid-do.com\/fr\/wp-json\/wp\/v2\/product_tag?post=496"}],"curies":[{"name":"wp","href":"https:\/\/api.w.org\/{rel}","templated":true}]}}