{"id":523,"date":"2024-10-03T23:41:31","date_gmt":"2024-10-03T23:41:31","guid":{"rendered":"https:\/\/toroid-do.com\/producto\/intorus-enfant\/"},"modified":"2024-10-03T23:41:31","modified_gmt":"2024-10-03T23:41:31","slug":"intorus-enfant","status":"publish","type":"product","link":"https:\/\/toroid-do.com\/fr\/producto\/intorus-enfant\/","title":{"rendered":"Intorus Enfant"},"content":{"rendered":"<p>Naturellement, en raison du type de mouvement qu\u2019il entra\u00eene, il travaille sur la plupart des concepts cl\u00e9s de la psychomotricit\u00e9 et favorise la concentration et la relaxation.<br \/>\nPour tout ce qui pr\u00e9c\u00e8de, il favorise le d\u00e9veloppement int\u00e9gral de l\u2019enfant en travaillant simultan\u00e9ment sur les aspects physiques, psychiques, \u00e9motionnels et \u00e9nerg\u00e9tiques.<br \/>\nIl est \u00e9galement tr\u00e8s adapt\u00e9 \u00e0 la r\u00e9\u00e9ducation associ\u00e9e \u00e0 des pathologies tr\u00e8s diverses dans lesquelles le but est de stimuler le mouvement et la connexion avec soi-m\u00eame et avec l\u2019environnement.<br \/>\nIntorus est accompagn\u00e9 d\u2019un tutoriel vid\u00e9o de 40 minutes avec des applications pratiques, des id\u00e9es et des explications pour en tirer le meilleur parti.     <strong>Ils sont fabriqu\u00e9s en Espagne et b\u00e9n\u00e9ficient d\u2019une garantie de retour d\u2019une semaine, si vous n\u2019\u00eates pas satisfait, et d\u2019une garantie \u00e0 vie concernant le soudage.  <\/strong>  Quant au reste, ils sont r\u00e9sistants dans le sens o\u00f9 ils peuvent \u00eatre jet\u00e9s, tomber ou secou\u00e9s sans se d\u00e9former, comme un enfant qui s\u2019enfuit avec la balle \u00e0 la main.<br \/>\nCependant, s\u2019ils sont forc\u00e9s plus que n\u00e9cessaire, par exemple deux enfants qui se disputent et que chacun s\u2019\u00e9tire d\u2019un c\u00f4t\u00e9, il se d\u00e9formera et ne roulera plus comme avant.<br \/>\nChaque Intorus comprend :    <\/p>\n<ul>\n<li>Deux tores, chacun avec un sens de rotation.<\/li>\n<li>Corde en silicone \u00e0 travers laquelle il roule et \u00e9largit les possibilit\u00e9s.<\/li>\n<li>Tutoriel vid\u00e9o de 40 minutes avec des id\u00e9es et des informations.<\/li>\n<li>Sac en coton pour le stockage.<\/li>\n<li>Porte-cl\u00e9s en acier inoxydable pour l\u2019accrochage ou le transport.<\/li>\n<\/ul>\n<p>&nbsp;  Vous allez aimer Intorus&#8230;  <\/p>\n<ul>\n<li>Si vous aimez \u00eatre en contact avec votre corps et son mouvement.<br \/>\nSi vous trouvez une forme de m\u00e9ditation ici et que vous souhaitez approfondir vos recherches. <\/li>\n<li>Si vous \u00eates \u00e0 la recherche d\u2019un outil qui vous d\u00e9tend rapidement et vous redonne la sensation de vous concentrer.<\/li>\n<li>Si vous ou un de vos proches avez besoin d\u2019une r\u00e9\u00e9ducation psychomotrice, et que vous souhaitez un outil qui vous permet de pratiquer \u00e0 la maison de mani\u00e8re facile et agr\u00e9able.<\/li>\n<li>Si vous \u00eates th\u00e9rapeute et que vous avez d\u00e9j\u00e0 trouv\u00e9 des situations o\u00f9 cela pourrait vous \u00eatre utile.<\/li>\n<li>Si vous \u00eates \u00e0 la recherche d\u2019un cadeau pour un enfant et que vous voulez quelque chose d\u2019original, qu\u2019il aime et qui favorise le d\u00e9veloppement de son corps et de son esprit.<br \/>\nS\u2019il s\u2019agit d\u2019un enfant particuli\u00e8rement agit\u00e9, alors vous \u00eates encore plus int\u00e9ress\u00e9. <\/li>\n<\/ul>\n<p>&nbsp;  TAILLES&nbsp;: Intorus roule dans des diam\u00e8tres aussi petits qu\u2019une corde, mais la largeur est une limitation.<br \/>\nIntorus child se roule bien jusqu\u2019\u00e0 un diam\u00e8tre de bras de 25 cm.<br \/>\nAdult Intorus le fait jusqu\u2019\u00e0 un diam\u00e8tre de 37 cm.<br \/>\nUn enfant jusqu\u2019\u00e0 environ sept ans se sentira plus \u00e0 l\u2019aise avec une taille gar\u00e7on car cela lui donnera plus de libert\u00e9 de mouvement.<br \/>\n\u00c0 partir de cet \u00e2ge, n\u2019importe quelle taille fera l\u2019affaire, en fait un adulte avec un bras fin peut \u00e9galement porter celui des enfants.    <\/p>\n","protected":false},"excerpt":{"rendered":"<p>INTORUS, c\u2019est le plaisir, le mouvement et la connaissance de soi.<br \/>\nC\u2019est un produit unique qui est intimement li\u00e9 \u00e0 l\u2019imagination, car ses possibilit\u00e9s sont nombreuses et ce n\u2019est pas un objet d\u00e9fini, mais l\u2019enfant peut le transformer en tout ce dont il a besoin \u00e0 ce moment-l\u00e0, selon son humeur ou ses besoins. <\/p>\n","protected":false},"featured_media":511,"template":"","meta":[],"product_brand":[],"product_cat":[46],"product_tag":[],"class_list":{"0":"post-523","1":"product","2":"type-product","3":"status-publish","4":"has-post-thumbnail","6":"product_cat-intorus-fr","8":"first","9":"instock","10":"taxable","11":"shipping-taxable","12":"purchasable","13":"product-type-simple"},"_links":{"self":[{"href":"https:\/\/toroid-do.com\/fr\/wp-json\/wp\/v2\/product\/523","targetHints":{"allow":["GET"]}}],"collection":[{"href":"https:\/\/toroid-do.com\/fr\/wp-json\/wp\/v2\/product"}],"about":[{"href":"https:\/\/toroid-do.com\/fr\/wp-json\/wp\/v2\/types\/product"}],"version-history":[{"count":0,"href":"https:\/\/toroid-do.com\/fr\/wp-json\/wp\/v2\/product\/523\/revisions"}],"wp:featuredmedia":[{"embeddable":true,"href":"https:\/\/toroid-do.com\/fr\/wp-json\/wp\/v2\/media\/511"}],"wp:attachment":[{"href":"https:\/\/toroid-do.com\/fr\/wp-json\/wp\/v2\/media?parent=523"}],"wp:term":[{"taxonomy":"product_brand","embeddable":true,"href":"https:\/\/toroid-do.com\/fr\/wp-json\/wp\/v2\/product_brand?post=523"},{"taxonomy":"product_cat","embeddable":true,"href":"https:\/\/toroid-do.com\/fr\/wp-json\/wp\/v2\/product_cat?post=523"},{"taxonomy":"product_tag","embeddable":true,"href":"https:\/\/toroid-do.com\/fr\/wp-json\/wp\/v2\/product_tag?post=523"}],"curies":[{"name":"wp","href":"https:\/\/api.w.org\/{rel}","templated":true}]}}