{"id":789,"date":"2024-10-10T19:00:42","date_gmt":"2024-10-10T19:00:42","guid":{"rendered":"https:\/\/toroid-do.com\/?post_type=product&#038;p=789"},"modified":"2024-11-08T18:43:39","modified_gmt":"2024-11-08T18:43:39","slug":"niveau-decouverte-immersion-copia","status":"publish","type":"product","link":"https:\/\/toroid-do.com\/fr\/producto\/niveau-decouverte-immersion-copia\/","title":{"rendered":"M\u00c9THODE TOROIDDO Niveau d&rsquo;immersion &#8211; Complet (9 semaines)"},"content":{"rendered":"<p><span style=\"font-weight: 400;\">Au <\/span><b>niveau de la d\u00e9couverte et de l\u2019Immersion jusqu\u2019\u00e0 la m\u00e9thode<\/b><span style=\"font-weight: 400;\"> , vous poserez les bases de la m\u00e9thode Toroiddo. <\/span><\/p>\n<p><span style=\"font-weight: 400;\">Gr\u00e2ce aux vid\u00e9os de la s\u00e9rie \u00ab Mouvement Toroiddo \u00bb, vous apprendrez \u00e0 bouger de mani\u00e8re fluide et coordonn\u00e9e avec un et deux Intorus. Non seulement vous constaterez que vos gestes deviennent plus gracieux et plus harmonieux, mais vous acc\u00e9derez aussi \u00e0 une nouvelle fa\u00e7on de vous connecter \u00e0 votre corps et \u00e0 son mouvement, et vous prendrez plus de plaisir \u00e0 danser. Vous constaterez une am\u00e9lioration de votre conscience corporelle et de votre coordination. Vous vous sentirez plus serein car, en vous connectant au mouvement toro\u00efdal de votre corps, votre champ \u00e9lectromagn\u00e9tique sera mieux organis\u00e9. <\/span><\/p>\n<p><span style=\"font-weight: 400;\">A travers les vid\u00e9os de la \u00ab Pens\u00e9e Toroiddo \u00bb, vous trouverez des informations qui visent \u00e0 \u00e9lever votre niveau de conscience par la compr\u00e9hension de vos propres m\u00e9canismes &#8211; quel r\u00f4le joue la conscience corporelle en vous &#8211; quels b\u00e9n\u00e9fices la relation interh\u00e9misph\u00e9rique peut vous apporter \u2013 comment fonctionnent les m\u00e9canismes de l&rsquo;Univers &#8211; ce qu&rsquo;est la g\u00e9om\u00e9trie sacr\u00e9e et comment elle est repr\u00e9sent\u00e9e dans votre vie.<br \/>\n<\/span><\/p>\n<p><span style=\"font-weight: 400;\">A la fin du cours, vous disposerez d&rsquo;outils qui vous donneront une perspective plus large de votre existence et vous aideront \u00e0 r\u00e9pondre aux situations auxquelles vous \u00eates confront\u00e9es de mani\u00e8re plus consciente et spontan\u00e9e.<br \/>\n<\/span><\/p>\n<p><span style=\"font-weight: 400;\">SOMMAIRE<\/span><\/p>\n<table>\n<tbody>\n<tr>\n<td><span style=\"font-weight: 400;\">LE MOUVEMENT TOROIDDO :<\/span><\/td>\n<td><span style=\"font-weight: 400;\">LA PENS\u00c9E TOROIDDO :<\/span><\/td>\n<\/tr>\n<tr>\n<td><span style=\"font-weight: 400;\">0- D\u00e9couvrez Intorus <\/span><span style=\"font-weight: 400;\"><br \/>\n<\/span><span style=\"font-weight: 400;\">1- Bouger avec Intorus vs.<br \/>\nDanser avec Intorus <\/span><span style=\"font-weight: 400;\"><br \/>\n<\/span><span style=\"font-weight: 400;\">2- Les mouvements de semences <\/span><span style=\"font-weight: 400;\"><br \/>\n<\/span><span style=\"font-weight: 400;\">3- Plus de mouvements de semences <\/span><span style=\"font-weight: 400;\"><br \/>\n<\/span><span style=\"font-weight: 400;\">4- Entrer dans la spirale <\/span><span style=\"font-weight: 400;\"><br \/>\n<\/span><span style=\"font-weight: 400;\">5- Bras en l&rsquo;air <\/span><span style=\"font-weight: 400;\"><br \/>\n<\/span><span style=\"font-weight: 400;\">6- Ailes cosmiques <\/span><span style=\"font-weight: 400;\"><br \/>\n<\/span><span style=\"font-weight: 400;\">7- Ciel-Terre <\/span><span style=\"font-weight: 400;\"><br \/>\n<\/span><span style=\"font-weight: 400;\">8- La fermeture du cercle<\/span><\/td>\n<td><span style=\"font-weight: 400;\">0- Naissance de Toroiddo <\/span><span style=\"font-weight: 400;\"><br \/>\n<\/span><span style=\"font-weight: 400;\">1- Une g\u00e9om\u00e9trie, un outil, <\/span><span style=\"font-weight: 400;\">y<\/span><span style=\"font-weight: 400;\"> une m\u00e9thode. <\/span> <span style=\"font-weight: 400;\"><br \/>\n<\/span><span style=\"font-weight: 400;\">2- Le mouvement conscient <\/span><span style=\"font-weight: 400;\"><br \/>\n<\/span><span style=\"font-weight: 400;\">3- La magie des trois <\/span><span style=\"font-weight: 400;\"><br \/>\n<\/span><span style=\"font-weight: 400;\">4- En savoir plus sur le tore <\/span><span style=\"font-weight: 400;\"><br \/>\n<\/span><span style=\"font-weight: 400;\">5- Tout suit un ordre <\/span><span style=\"font-weight: 400;\"><br \/>\n<\/span><span style=\"font-weight: 400;\">6- La pens\u00e9e unifi\u00e9e <\/span><span style=\"font-weight: 400;\"><br \/>\n<\/span><span style=\"font-weight: 400;\">7- La conscience du corps <\/span><span style=\"font-weight: 400;\"><br \/>\n<\/span><span style=\"font-weight: 400;\">8- L\u2019activation toro\u00efdale<br \/>\n<\/span><\/td>\n<\/tr>\n<\/tbody>\n<\/table>\n","protected":false},"excerpt":{"rendered":"<p><span style=\"font-weight: 400;\">A la fin du cours, vous disposerez d&rsquo;outils qui vous donneront une perspective plus large de votre existence et vous aideront \u00e0 r\u00e9pondre aux situations auxquelles vous \u00eates confront\u00e9es de mani\u00e8re plus consciente et spontan\u00e9e.<br \/>\n<\/span><\/p>\n","protected":false},"featured_media":313,"template":"","meta":[],"product_brand":[],"product_cat":[38],"product_tag":[],"class_list":{"0":"post-789","1":"product","2":"type-product","3":"status-publish","4":"has-post-thumbnail","6":"product_cat-toriddo-fr","8":"first","9":"instock","10":"sold-individually","11":"taxable","12":"shipping-taxable","13":"purchasable","14":"product-type-simple"},"_links":{"self":[{"href":"https:\/\/toroid-do.com\/fr\/wp-json\/wp\/v2\/product\/789","targetHints":{"allow":["GET"]}}],"collection":[{"href":"https:\/\/toroid-do.com\/fr\/wp-json\/wp\/v2\/product"}],"about":[{"href":"https:\/\/toroid-do.com\/fr\/wp-json\/wp\/v2\/types\/product"}],"version-history":[{"count":1,"href":"https:\/\/toroid-do.com\/fr\/wp-json\/wp\/v2\/product\/789\/revisions"}],"predecessor-version":[{"id":1811,"href":"https:\/\/toroid-do.com\/fr\/wp-json\/wp\/v2\/product\/789\/revisions\/1811"}],"wp:featuredmedia":[{"embeddable":true,"href":"https:\/\/toroid-do.com\/fr\/wp-json\/wp\/v2\/media\/313"}],"wp:attachment":[{"href":"https:\/\/toroid-do.com\/fr\/wp-json\/wp\/v2\/media?parent=789"}],"wp:term":[{"taxonomy":"product_brand","embeddable":true,"href":"https:\/\/toroid-do.com\/fr\/wp-json\/wp\/v2\/product_brand?post=789"},{"taxonomy":"product_cat","embeddable":true,"href":"https:\/\/toroid-do.com\/fr\/wp-json\/wp\/v2\/product_cat?post=789"},{"taxonomy":"product_tag","embeddable":true,"href":"https:\/\/toroid-do.com\/fr\/wp-json\/wp\/v2\/product_tag?post=789"}],"curies":[{"name":"wp","href":"https:\/\/api.w.org\/{rel}","templated":true}]}}