{"id":837,"date":"2024-10-10T21:47:54","date_gmt":"2024-10-10T21:47:54","guid":{"rendered":"https:\/\/toroid-do.com\/?post_type=product&#038;p=837"},"modified":"2024-11-08T18:42:43","modified_gmt":"2024-11-08T18:42:43","slug":"decouverte-de-niveau-immersion-dans-la-methode-toroiddo-copia-2","status":"publish","type":"product","link":"https:\/\/toroid-do.com\/fr\/producto\/decouverte-de-niveau-immersion-dans-la-methode-toroiddo-copia-2\/","title":{"rendered":"M\u00c9THODE TOROIDDO Niveau d&rsquo;immersion &#8211; Introduction (2 semaines)"},"content":{"rendered":"<p><span style=\"font-weight: 400;\">Au <\/span><b>niveau de la d\u00e9couverte de la m\u00e9thode<\/b><span style=\"font-weight: 400;\"> , vous comprendrez ce qu\u2019est l\u2019intorus et comment la m\u00e9thode Toroiddo est n\u00e9e. <\/span><span style=\"font-weight: 400;\">CONTENU<\/span><\/p>\n<table>\n<tbody>\n<tr>\n<td><span style=\"font-weight: 400;\">LE MOUVEMENT TOROIDDO :<\/span><\/td>\n<td><span style=\"font-weight: 400;\">LA PENS\u00c9E TOROIDDO :<\/span><\/td>\n<\/tr>\n<tr>\n<td><span style=\"font-weight: 400;\">0- D\u00e9couvrir Intorus<\/span><\/td>\n<td><span style=\"font-weight: 400;\">0- Naissance de Toroiddo<\/span><\/td>\n<\/tr>\n<\/tbody>\n<\/table>\n","protected":false},"excerpt":{"rendered":"<p><span style=\"font-weight: 400;\">A la fin du cours, vous disposerez d&rsquo;outils qui vous donneront une perspective plus large de votre existence et vous aideront \u00e0 r\u00e9pondre aux situations auxquelles vous \u00eates confront\u00e9es de mani\u00e8re plus consciente et spontan\u00e9e.<br \/>\n<\/span><\/p>\n","protected":false},"featured_media":483,"template":"","meta":[],"product_brand":[],"product_cat":[38],"product_tag":[],"class_list":{"0":"post-837","1":"product","2":"type-product","3":"status-publish","4":"has-post-thumbnail","6":"product_cat-toriddo-fr","8":"first","9":"instock","10":"sold-individually","11":"taxable","12":"shipping-taxable","13":"purchasable","14":"product-type-simple"},"_links":{"self":[{"href":"https:\/\/toroid-do.com\/fr\/wp-json\/wp\/v2\/product\/837","targetHints":{"allow":["GET"]}}],"collection":[{"href":"https:\/\/toroid-do.com\/fr\/wp-json\/wp\/v2\/product"}],"about":[{"href":"https:\/\/toroid-do.com\/fr\/wp-json\/wp\/v2\/types\/product"}],"version-history":[{"count":1,"href":"https:\/\/toroid-do.com\/fr\/wp-json\/wp\/v2\/product\/837\/revisions"}],"predecessor-version":[{"id":1809,"href":"https:\/\/toroid-do.com\/fr\/wp-json\/wp\/v2\/product\/837\/revisions\/1809"}],"wp:featuredmedia":[{"embeddable":true,"href":"https:\/\/toroid-do.com\/fr\/wp-json\/wp\/v2\/media\/483"}],"wp:attachment":[{"href":"https:\/\/toroid-do.com\/fr\/wp-json\/wp\/v2\/media?parent=837"}],"wp:term":[{"taxonomy":"product_brand","embeddable":true,"href":"https:\/\/toroid-do.com\/fr\/wp-json\/wp\/v2\/product_brand?post=837"},{"taxonomy":"product_cat","embeddable":true,"href":"https:\/\/toroid-do.com\/fr\/wp-json\/wp\/v2\/product_cat?post=837"},{"taxonomy":"product_tag","embeddable":true,"href":"https:\/\/toroid-do.com\/fr\/wp-json\/wp\/v2\/product_tag?post=837"}],"curies":[{"name":"wp","href":"https:\/\/api.w.org\/{rel}","templated":true}]}}